{"id":78,"date":"2014-09-24T19:45:27","date_gmt":"2014-09-24T17:45:27","guid":{"rendered":"http:\/\/ingenufashion.com\/mco\/?page_id=78"},"modified":"2014-09-24T19:45:27","modified_gmt":"2014-09-24T17:45:27","slug":"nowy-sacz","status":"publish","type":"page","link":"https:\/\/mcokrakow.pl\/?page_id=78","title":{"rendered":"Nowy S\u0105cz"},"content":{"rendered":"<p style=\"text-align: center;\">Jaros\u0142aw Jobs<\/p>\n<p style=\"text-align: center;\">ul. Jagiello\u0144ska 10<\/p>\n<p style=\"text-align: center;\">Nowy S\u0105cz<\/p>\n","protected":false},"excerpt":{"rendered":"<p>Jaros\u0142aw Jobs ul. Jagiello\u0144ska 10 Nowy S\u0105cz<\/p>\n","protected":false},"author":1,"featured_media":0,"parent":42,"menu_order":0,"comment_status":"open","ping_status":"open","template":"page-contact.php","meta":{"footnotes":""},"class_list":["post-78","page","type-page","status-publish","hentry"],"_links":{"self":[{"href":"https:\/\/mcokrakow.pl\/index.php?rest_route=\/wp\/v2\/pages\/78","targetHints":{"allow":["GET"]}}],"collection":[{"href":"https:\/\/mcokrakow.pl\/index.php?rest_route=\/wp\/v2\/pages"}],"about":[{"href":"https:\/\/mcokrakow.pl\/index.php?rest_route=\/wp\/v2\/types\/page"}],"author":[{"embeddable":true,"href":"https:\/\/mcokrakow.pl\/index.php?rest_route=\/wp\/v2\/users\/1"}],"replies":[{"embeddable":true,"href":"https:\/\/mcokrakow.pl\/index.php?rest_route=%2Fwp%2Fv2%2Fcomments&post=78"}],"version-history":[{"count":0,"href":"https:\/\/mcokrakow.pl\/index.php?rest_route=\/wp\/v2\/pages\/78\/revisions"}],"up":[{"embeddable":true,"href":"https:\/\/mcokrakow.pl\/index.php?rest_route=\/wp\/v2\/pages\/42"}],"wp:attachment":[{"href":"https:\/\/mcokrakow.pl\/index.php?rest_route=%2Fwp%2Fv2%2Fmedia&parent=78"}],"curies":[{"name":"wp","href":"https:\/\/api.w.org\/{rel}","templated":true}]}}