{"id":64,"date":"2014-09-24T19:36:39","date_gmt":"2014-09-24T17:36:39","guid":{"rendered":"http:\/\/ingenufashion.com\/mco\/?page_id=64"},"modified":"2014-10-03T12:00:20","modified_gmt":"2014-10-03T10:00:20","slug":"debica","status":"publish","type":"page","link":"https:\/\/mcokrakow.pl\/?page_id=64","title":{"rendered":"D\u0119bica"},"content":{"rendered":"<p style=\"text-align: center;\"><strong>Zak\u0142ad Optyczny<\/strong><\/p>\n<p style=\"text-align: center;\"><strong>Marta Pocica-Nizio\u0142ek<\/strong><\/p>\n<p style=\"text-align: center;\">Rynek 24<\/p>\n<p style=\"text-align: center;\">39-200 D\u0119bica<\/p>\n<p style=\"text-align: center;\">tel. (14) 676-42-74<\/p>\n","protected":false},"excerpt":{"rendered":"<p>Zak\u0142ad Optyczny Marta Pocica-Nizio\u0142ek Rynek 24 39-200 D\u0119bica tel. (14) 676-42-74<\/p>\n","protected":false},"author":1,"featured_media":0,"parent":40,"menu_order":0,"comment_status":"open","ping_status":"closed","template":"page-contact.php","meta":{"footnotes":""},"class_list":["post-64","page","type-page","status-publish","hentry"],"_links":{"self":[{"href":"https:\/\/mcokrakow.pl\/index.php?rest_route=\/wp\/v2\/pages\/64","targetHints":{"allow":["GET"]}}],"collection":[{"href":"https:\/\/mcokrakow.pl\/index.php?rest_route=\/wp\/v2\/pages"}],"about":[{"href":"https:\/\/mcokrakow.pl\/index.php?rest_route=\/wp\/v2\/types\/page"}],"author":[{"embeddable":true,"href":"https:\/\/mcokrakow.pl\/index.php?rest_route=\/wp\/v2\/users\/1"}],"replies":[{"embeddable":true,"href":"https:\/\/mcokrakow.pl\/index.php?rest_route=%2Fwp%2Fv2%2Fcomments&post=64"}],"version-history":[{"count":3,"href":"https:\/\/mcokrakow.pl\/index.php?rest_route=\/wp\/v2\/pages\/64\/revisions"}],"predecessor-version":[{"id":326,"href":"https:\/\/mcokrakow.pl\/index.php?rest_route=\/wp\/v2\/pages\/64\/revisions\/326"}],"up":[{"embeddable":true,"href":"https:\/\/mcokrakow.pl\/index.php?rest_route=\/wp\/v2\/pages\/40"}],"wp:attachment":[{"href":"https:\/\/mcokrakow.pl\/index.php?rest_route=%2Fwp%2Fv2%2Fmedia&parent=64"}],"curies":[{"name":"wp","href":"https:\/\/api.w.org\/{rel}","templated":true}]}}