{"id":5449,"date":"2023-11-06T13:39:11","date_gmt":"2023-11-06T12:39:11","guid":{"rendered":"https:\/\/mcokrakow.pl\/?page_id=5449"},"modified":"2023-11-06T13:39:11","modified_gmt":"2023-11-06T12:39:11","slug":"historia-cechu","status":"publish","type":"page","link":"https:\/\/mcokrakow.pl\/?page_id=5449","title":{"rendered":"Historia Cechu"},"content":{"rendered":"<p><strong style=\"color: #ff0000;\">HISTORIA MCO:<\/strong><\/p>\n<p style=\"text-align: justify;\">Pocz\u0105tek dzia\u0142alno\u015bci bran\u017cy optycznej w\u00a0formie zorganizowanej datuje si\u0119 od 1888 roku. Po 1945 roku optycy dzia\u0142ali jako Sekcja Optyk\u00f3w przy Cechu Rzemios\u0142 Metalowych. Po przemianach ustrojowych, jakie nast\u0105pi\u0142y w\u00a0naszym kraju po 1989 roku, krakowscy optycy, czuj\u0105c potrzeb\u0119 dzia\u0142ania w\u00a0bardziej demokratycznych organizacyjnych, zrzeszyli si\u0119 w\u00a0Stowarzyszeniu Optyk\u00f3w Polskich. Po jego rozwi\u0105zaniu w\u00a0dniu 20 listopada 1993 roku na Zje\u017adzie w\u00a0Zakopanem, krakowscy optycy postanowili zorganizowa\u0107 w\u0142asny Cech Optyk\u00f3w.<\/p>\n<p style=\"text-align: justify;\">Na zebraniu za\u0142o\u017cycielskim w\u00a0dniu\u00a0<strong>14 stycznia 1995 roku<\/strong>, na kt\u00f3re zaproszono optyk\u00f3w regionu ca\u0142ej Ma\u0142opolski, postanowiono powo\u0142a\u0107\u00a0<strong>Ma\u0142opolski cech Optyk\u00f3w z\u00a0siedziba w\u00a0Krakowie<\/strong>.<\/p>\n<p style=\"text-align: justify;\">Na zebraniu powy\u017cszym na Starszego cechu wybrano\u00a0<strong>Wies\u0142awa Koczorowskiego<\/strong>\u00a0optyka z\u00a0Krakowa.<\/p>\n<p style=\"text-align: justify;\">W dniu 25 maja 1995 roku Ma\u0142opolski Cech Optyk\u00f3w zosta\u0142 zarejestrowany w\u00a0S\u0105dzie Rejonowym dla miasta Krakowa.<\/p>\n<p style=\"text-align: justify;\">Po rezygnacji Wies\u0142awa Koczorowskiego z\u00a0funkcji Starszego cechu ze wzgl\u0119du na stan zdrowia w\u00a0dniu 29.06.1996 roku Walne Zebranie cz\u0142onk\u00f3w Ma\u0142opolskiego cechu Optyk\u00f3w Starszego cechu wybra\u0142o jednomy\u015blnie Mariana W\u00f3jcika optyka z\u00a0Krakowa.<\/p>\n<p style=\"text-align: justify;\">G\u0142\u00f3wnym celem, jakim kierowali\u015bmy si\u0119 przy organizacji Ma\u0142opolskiego cechu Optyk\u00f3w, by\u0142a konieczno\u015b\u0107 integracji zawodowej i\u00a0spo\u0142ecznej optyk\u00f3w w\u00a0naszym regionie. W\u00a0podejmowaniu tej problematyki sprzyja\u0142o nam cz\u0142onkostwo w\u00a0Krajowej rzemie\u015blniczej Izbie Optycznej w\u00a0Warszawie, kt\u00f3rej wsp\u00f3\u0142za\u0142o\u017cycielami byli mi\u0119dzy innymi delegaci naszego Cechu.<\/p>\n<p style=\"text-align: justify;\">Tak jak ju\u017c wspomnieli\u015bmy, praca Zarz\u0105du Ma\u0142opolskiego Cechu Optyk\u00f3w koncentruje si\u0119 na wielu p\u0142aszczyznach. Obok zasadniczych problem\u00f3w zawodowych podejmowali\u015bmy r\u00f3\u017cne inicjatywy spo\u0142eczne.<\/p>\n<p style=\"text-align: justify;\">Od pocz\u0105tku naszej dzia\u0142alno\u015bci cech nasz kieruje si\u0119 zasad\u0105, aby w\u00a0miar\u0119 swoich mo\u017cliwo\u015bci spe\u0142nia\u0107 s\u0142u\u017cebn\u0105 rol\u0119 dla ca\u0142ego \u015brodowiska optyk\u00f3w. W\u00a0tym celu systematycznie organizujemy teoretyczne szkolenia zawodowe dla naszych cz\u0142onk\u00f3w i\u00a0pracownik\u00f3w zak\u0142ad\u00f3w rzemie\u015blniczych. Podnoszenie kwalifikacji zawodowych naszych optyk\u00f3w, w\u0142a\u015bciwe wyposa\u017cenie zak\u0142ad\u00f3w optycznych oraz wysoki poziom us\u0142ug jest sta\u0142\u0105 trosk\u0105 Zarz\u0105du naszego Cechu.<\/p>\n<p style=\"text-align: justify;\">Dla wyr\u00f3\u017cniaj\u0105cych si\u0119 zak\u0142ad\u00f3w optycznych pod wzgl\u0119dem etyczno-zawodowym i\u00a0wysokich kwalifikacjach -Cz\u0142onkowie cechu ufundowali znak Cechowy z\u00a0br\u0105zu wraz z\u00a0certyfikatem. Jest on symbolem przynale\u017cno\u015bci organizacyjnej identyfikuj\u0105cym optyka ze \u015brodowiskiem i\u00a0zobowi\u0105zuj\u0105cym go do prowadzenia swojej dzia\u0142alno\u015bci zawodowej na wysokim poziomie, jak r\u00f3wnie\u017c lojalno\u015bci wobec koleg\u00f3w cz\u0142onk\u00f3w Cechu.<\/p>\n<p style=\"text-align: justify;\">Systematycznie organizowane s\u0105 zebrania cz\u0142onk\u00f3w Cechu, kt\u00f3re s\u0142u\u017c\u0105 bie\u017c\u0105cej informacji naszych cz\u0142onk\u00f3w o\u00a0aktualnych przepisach prawno-skarbowych i\u00a0innych.<\/p>\n<p style=\"text-align: justify;\">Du\u017c\u0105 wag\u0119 przywi\u0105zujemy do wsp\u00f3\u0142pracy z\u00a0Wojew\u00f3dzkimi Wydzia\u0142ami Zdrowia Urz\u0119d\u00f3w Wojew\u00f3dzkich. W\u00a0wyniku tej wsp\u00f3\u0142pracy, powo\u0142ani przez Cech m\u0119\u017cowie zaufania, weszli w\u00a0sk\u0142ad komisji przy Wydzia\u0142ach Zdrowia, kt\u00f3re zajmuj\u0105 si\u0119 rozwi\u0105zywaniem wsp\u00f3lnych, a\u00a0niejednokrotnie spornych problem\u00f3w oraz nadzorem we wszystkich zak\u0142adach optycznych, z\u00a0kt\u00f3rymi Wydzia\u0142 Zdrowia zawar\u0142 umowy na refundacj\u0119 recept okularowych.<\/p>\n<p style=\"text-align: justify;\">Patronem naszego cechu zosta\u0142\u00a0<strong>\u015bw. Hieronim<\/strong>.<\/p>\n<p style=\"text-align: justify;\">Zarz\u0105d podj\u0105\u0142 uchwa\u0142\u0119 o\u00a0ufundowaniu Sztandaru Cechowego Optyk\u00f3w oraz insygni\u00f3w cechowych. Do ufundowania sztandaru i\u00a0insygni\u00f3w, w\u00a0g\u0142\u00f3wnej mierze przyczynili si\u0119 cz\u0142onkowie Cechu, kt\u00f3rzy wp\u0142acali dobrowolne datki na ich wykonanie.<\/p>\n<p style=\"text-align: justify;\">Bie\u017c\u0105cy rok zamierzamy po\u015bwi\u0119ci\u0107 dalszej aktywizacji i\u00a0integracji naszego \u015brodowiska optyk\u00f3w.<\/p>\n<hr \/>\n<p><strong><span style=\"color: #ff0000;\">ODESZLI OD NAS:<br \/>\n<\/span><\/strong><\/p>\n<ul>\n<li><em>Szramel Adam<\/em><\/li>\n<li><em>Stolarzewicz J\u00f3zef<\/em><\/li>\n<li><em>Hoszowski Artur<\/em><\/li>\n<li><em>Salwi\u0144ski Roman<\/em><\/li>\n<li><em>Stolarzewicz Juliusz<\/em><\/li>\n<li><em>Salwi\u0144ski Stanis\u0142aw<\/em><\/li>\n<\/ul>\n","protected":false},"excerpt":{"rendered":"<p>HISTORIA MCO: Pocz\u0105tek dzia\u0142alno\u015bci bran\u017cy optycznej w\u00a0formie zorganizowanej datuje si\u0119 od 1888 roku. Po 1945 roku optycy dzia\u0142ali jako Sekcja Optyk\u00f3w przy Cechu Rzemios\u0142 Metalowych. Po przemianach ustrojowych, jakie nast\u0105pi\u0142y w\u00a0naszym kraju po 1989 roku, krakowscy optycy, czuj\u0105c potrzeb\u0119 dzia\u0142ania &hellip; <a href=\"https:\/\/mcokrakow.pl\/?page_id=5449\">Continued<\/a><\/p>\n","protected":false},"author":2,"featured_media":0,"parent":0,"menu_order":0,"comment_status":"closed","ping_status":"closed","template":"page-feature.php","meta":{"footnotes":""},"class_list":["post-5449","page","type-page","status-publish","hentry"],"_links":{"self":[{"href":"https:\/\/mcokrakow.pl\/index.php?rest_route=\/wp\/v2\/pages\/5449","targetHints":{"allow":["GET"]}}],"collection":[{"href":"https:\/\/mcokrakow.pl\/index.php?rest_route=\/wp\/v2\/pages"}],"about":[{"href":"https:\/\/mcokrakow.pl\/index.php?rest_route=\/wp\/v2\/types\/page"}],"author":[{"embeddable":true,"href":"https:\/\/mcokrakow.pl\/index.php?rest_route=\/wp\/v2\/users\/2"}],"replies":[{"embeddable":true,"href":"https:\/\/mcokrakow.pl\/index.php?rest_route=%2Fwp%2Fv2%2Fcomments&post=5449"}],"version-history":[{"count":2,"href":"https:\/\/mcokrakow.pl\/index.php?rest_route=\/wp\/v2\/pages\/5449\/revisions"}],"predecessor-version":[{"id":5451,"href":"https:\/\/mcokrakow.pl\/index.php?rest_route=\/wp\/v2\/pages\/5449\/revisions\/5451"}],"wp:attachment":[{"href":"https:\/\/mcokrakow.pl\/index.php?rest_route=%2Fwp%2Fv2%2Fmedia&parent=5449"}],"curies":[{"name":"wp","href":"https:\/\/api.w.org\/{rel}","templated":true}]}}