{"id":491,"date":"2014-10-03T16:07:05","date_gmt":"2014-10-03T14:07:05","guid":{"rendered":"http:\/\/mcokrakow.pl\/?page_id=491"},"modified":"2014-10-03T16:07:33","modified_gmt":"2014-10-03T14:07:33","slug":"strzyzow","status":"publish","type":"page","link":"https:\/\/mcokrakow.pl\/?page_id=491","title":{"rendered":"Strzy\u017c\u00f3w"},"content":{"rendered":"<p style=\"text-align: center;\"><strong>Zak\u0142ad Optyczny<\/strong><\/p>\n<p style=\"text-align: center;\"><strong>Wac\u0142aw Niebylecki<\/strong><\/p>\n<p style=\"text-align: center;\">ul. Witosa 11<\/p>\n<p style=\"text-align: center;\">38-100 Strzy\u017c\u00f3w<\/p>\n<p style=\"text-align: center;\">tel. (17) 276-22-47<\/p>\n","protected":false},"excerpt":{"rendered":"<p>Zak\u0142ad Optyczny Wac\u0142aw Niebylecki ul. Witosa 11 38-100 Strzy\u017c\u00f3w tel. (17) 276-22-47<\/p>\n","protected":false},"author":1,"featured_media":0,"parent":40,"menu_order":0,"comment_status":"open","ping_status":"open","template":"page-contact.php","meta":{"footnotes":""},"class_list":["post-491","page","type-page","status-publish","hentry"],"_links":{"self":[{"href":"https:\/\/mcokrakow.pl\/index.php?rest_route=\/wp\/v2\/pages\/491","targetHints":{"allow":["GET"]}}],"collection":[{"href":"https:\/\/mcokrakow.pl\/index.php?rest_route=\/wp\/v2\/pages"}],"about":[{"href":"https:\/\/mcokrakow.pl\/index.php?rest_route=\/wp\/v2\/types\/page"}],"author":[{"embeddable":true,"href":"https:\/\/mcokrakow.pl\/index.php?rest_route=\/wp\/v2\/users\/1"}],"replies":[{"embeddable":true,"href":"https:\/\/mcokrakow.pl\/index.php?rest_route=%2Fwp%2Fv2%2Fcomments&post=491"}],"version-history":[{"count":1,"href":"https:\/\/mcokrakow.pl\/index.php?rest_route=\/wp\/v2\/pages\/491\/revisions"}],"predecessor-version":[{"id":492,"href":"https:\/\/mcokrakow.pl\/index.php?rest_route=\/wp\/v2\/pages\/491\/revisions\/492"}],"up":[{"embeddable":true,"href":"https:\/\/mcokrakow.pl\/index.php?rest_route=\/wp\/v2\/pages\/40"}],"wp:attachment":[{"href":"https:\/\/mcokrakow.pl\/index.php?rest_route=%2Fwp%2Fv2%2Fmedia&parent=491"}],"curies":[{"name":"wp","href":"https:\/\/api.w.org\/{rel}","templated":true}]}}