{"id":482,"date":"2014-10-03T15:51:32","date_gmt":"2014-10-03T13:51:32","guid":{"rendered":"http:\/\/mcokrakow.pl\/?page_id=482"},"modified":"2014-10-03T15:51:32","modified_gmt":"2014-10-03T13:51:32","slug":"sandomierz","status":"publish","type":"page","link":"https:\/\/mcokrakow.pl\/?page_id=482","title":{"rendered":"Sandomierz"},"content":{"rendered":"<p style=\"text-align: center;\"><strong>Zak\u0142ad Optyczny<\/strong><\/p>\n<p style=\"text-align: center;\"><strong>W\u0142odzimierz D\u0119bicki<\/strong><\/p>\n<p style=\"text-align: center;\">ul. Opatowska 13<\/p>\n<p style=\"text-align: center;\">27-600 Sandomierz<\/p>\n<p style=\"text-align: center;\">tel. (15) 832-27-89<\/p>\n<hr \/>\n<p style=\"text-align: center;\">\n<p style=\"text-align: center;\"><strong>Zak\u0142ad Optyczny<\/strong><\/p>\n<p style=\"text-align: center;\"><strong>Teresa Maruszczak<\/strong><\/p>\n<p style=\"text-align: center;\">ul. Dobkiewicza 18<\/p>\n<p style=\"text-align: center;\">27-600 Sandomierz<\/p>\n<p style=\"text-align: center;\">tel. (15) 832-87-91<\/p>\n","protected":false},"excerpt":{"rendered":"<p>Zak\u0142ad Optyczny W\u0142odzimierz D\u0119bicki ul. Opatowska 13 27-600 Sandomierz tel. (15) 832-27-89 Zak\u0142ad Optyczny Teresa Maruszczak ul. Dobkiewicza 18 27-600 Sandomierz tel. (15) 832-87-91<\/p>\n","protected":false},"author":1,"featured_media":0,"parent":40,"menu_order":0,"comment_status":"open","ping_status":"open","template":"","meta":{"footnotes":""},"class_list":["post-482","page","type-page","status-publish","hentry"],"_links":{"self":[{"href":"https:\/\/mcokrakow.pl\/index.php?rest_route=\/wp\/v2\/pages\/482","targetHints":{"allow":["GET"]}}],"collection":[{"href":"https:\/\/mcokrakow.pl\/index.php?rest_route=\/wp\/v2\/pages"}],"about":[{"href":"https:\/\/mcokrakow.pl\/index.php?rest_route=\/wp\/v2\/types\/page"}],"author":[{"embeddable":true,"href":"https:\/\/mcokrakow.pl\/index.php?rest_route=\/wp\/v2\/users\/1"}],"replies":[{"embeddable":true,"href":"https:\/\/mcokrakow.pl\/index.php?rest_route=%2Fwp%2Fv2%2Fcomments&post=482"}],"version-history":[{"count":1,"href":"https:\/\/mcokrakow.pl\/index.php?rest_route=\/wp\/v2\/pages\/482\/revisions"}],"predecessor-version":[{"id":483,"href":"https:\/\/mcokrakow.pl\/index.php?rest_route=\/wp\/v2\/pages\/482\/revisions\/483"}],"up":[{"embeddable":true,"href":"https:\/\/mcokrakow.pl\/index.php?rest_route=\/wp\/v2\/pages\/40"}],"wp:attachment":[{"href":"https:\/\/mcokrakow.pl\/index.php?rest_route=%2Fwp%2Fv2%2Fmedia&parent=482"}],"curies":[{"name":"wp","href":"https:\/\/api.w.org\/{rel}","templated":true}]}}