{"id":478,"date":"2014-10-03T15:48:18","date_gmt":"2014-10-03T13:48:18","guid":{"rendered":"http:\/\/mcokrakow.pl\/?page_id=478"},"modified":"2014-10-03T15:49:06","modified_gmt":"2014-10-03T13:49:06","slug":"rzeszow","status":"publish","type":"page","link":"https:\/\/mcokrakow.pl\/?page_id=478","title":{"rendered":"Rzesz\u00f3w"},"content":{"rendered":"<p style=\"text-align: center;\"><strong>Zak\u0142ad Optyczny<\/strong><\/p>\n<p style=\"text-align: center;\"><strong>Stanis\u0142aw Boche\u0144ski<\/strong><\/p>\n<p style=\"text-align: center;\">pl. Wolno\u015bci 17<\/p>\n<p style=\"text-align: center;\">35-073 Rzesz\u00f3w<\/p>\n<p style=\"text-align: center;\">tel. (17) 852-75-84<\/p>\n<hr \/>\n<p style=\"text-align: center;\"><strong>Zak\u0142ad Optyczny<\/strong><\/p>\n<p style=\"text-align: center;\"><strong>Marek Szwed<\/strong><\/p>\n<p style=\"text-align: center;\">ul. Mickiewicza 27<\/p>\n<p style=\"text-align: center;\">35-064 Rzesz\u00f3w<\/p>\n<p style=\"text-align: center;\">tel. (17) 853-91-30<\/p>\n<hr \/>\n<p style=\"text-align: center;\"><strong>Zak\u0142ad Optyczny<\/strong><\/p>\n<p style=\"text-align: center;\"><strong>Zdzis\u0142aw \u015awider<\/strong><\/p>\n<p style=\"text-align: center;\">ul. Ofiar Katynia 6<\/p>\n<p style=\"text-align: center;\">35-209 Rzesz\u00f3w<\/p>\n<p style=\"text-align: center;\">tel. (17) 863-36-74<\/p>\n","protected":false},"excerpt":{"rendered":"<p>Zak\u0142ad Optyczny Stanis\u0142aw Boche\u0144ski pl. Wolno\u015bci 17 35-073 Rzesz\u00f3w tel. (17) 852-75-84 Zak\u0142ad Optyczny Marek Szwed ul. Mickiewicza 27 35-064 Rzesz\u00f3w tel. (17) 853-91-30 Zak\u0142ad Optyczny Zdzis\u0142aw \u015awider ul. Ofiar Katynia 6 35-209 Rzesz\u00f3w tel. (17) 863-36-74<\/p>\n","protected":false},"author":1,"featured_media":0,"parent":40,"menu_order":0,"comment_status":"open","ping_status":"open","template":"","meta":{"footnotes":""},"class_list":["post-478","page","type-page","status-publish","hentry"],"_links":{"self":[{"href":"https:\/\/mcokrakow.pl\/index.php?rest_route=\/wp\/v2\/pages\/478","targetHints":{"allow":["GET"]}}],"collection":[{"href":"https:\/\/mcokrakow.pl\/index.php?rest_route=\/wp\/v2\/pages"}],"about":[{"href":"https:\/\/mcokrakow.pl\/index.php?rest_route=\/wp\/v2\/types\/page"}],"author":[{"embeddable":true,"href":"https:\/\/mcokrakow.pl\/index.php?rest_route=\/wp\/v2\/users\/1"}],"replies":[{"embeddable":true,"href":"https:\/\/mcokrakow.pl\/index.php?rest_route=%2Fwp%2Fv2%2Fcomments&post=478"}],"version-history":[{"count":2,"href":"https:\/\/mcokrakow.pl\/index.php?rest_route=\/wp\/v2\/pages\/478\/revisions"}],"predecessor-version":[{"id":481,"href":"https:\/\/mcokrakow.pl\/index.php?rest_route=\/wp\/v2\/pages\/478\/revisions\/481"}],"up":[{"embeddable":true,"href":"https:\/\/mcokrakow.pl\/index.php?rest_route=\/wp\/v2\/pages\/40"}],"wp:attachment":[{"href":"https:\/\/mcokrakow.pl\/index.php?rest_route=%2Fwp%2Fv2%2Fmedia&parent=478"}],"curies":[{"name":"wp","href":"https:\/\/api.w.org\/{rel}","templated":true}]}}