{"id":401,"date":"2014-10-03T13:44:34","date_gmt":"2014-10-03T11:44:34","guid":{"rendered":"http:\/\/mcokrakow.pl\/?page_id=401"},"modified":"2017-02-24T10:45:20","modified_gmt":"2017-02-24T09:45:20","slug":"myslenice","status":"publish","type":"page","link":"https:\/\/mcokrakow.pl\/?page_id=401","title":{"rendered":"My\u015blenice"},"content":{"rendered":"<p style=\"text-align: center;\"><strong>Zak\u0142ad Optyczny<\/strong><\/p>\n<p style=\"text-align: center;\"><strong>Lucjan Brytan<\/strong><\/p>\n<p style=\"text-align: center;\">ul. Rzemie\u015blnicza 20B<\/p>\n<p style=\"text-align: center;\">32-400 My\u015blenice<\/p>\n<p style=\"text-align: center;\">tel. (12) 274-23-61<\/p>\n<p style=\"text-align: center;\">\n","protected":false},"excerpt":{"rendered":"<p>Zak\u0142ad Optyczny Lucjan Brytan ul. Rzemie\u015blnicza 20B 32-400 My\u015blenice tel. (12) 274-23-61<\/p>\n","protected":false},"author":1,"featured_media":0,"parent":40,"menu_order":0,"comment_status":"open","ping_status":"open","template":"","meta":{"footnotes":""},"class_list":["post-401","page","type-page","status-publish","hentry"],"_links":{"self":[{"href":"https:\/\/mcokrakow.pl\/index.php?rest_route=\/wp\/v2\/pages\/401","targetHints":{"allow":["GET"]}}],"collection":[{"href":"https:\/\/mcokrakow.pl\/index.php?rest_route=\/wp\/v2\/pages"}],"about":[{"href":"https:\/\/mcokrakow.pl\/index.php?rest_route=\/wp\/v2\/types\/page"}],"author":[{"embeddable":true,"href":"https:\/\/mcokrakow.pl\/index.php?rest_route=\/wp\/v2\/users\/1"}],"replies":[{"embeddable":true,"href":"https:\/\/mcokrakow.pl\/index.php?rest_route=%2Fwp%2Fv2%2Fcomments&post=401"}],"version-history":[{"count":2,"href":"https:\/\/mcokrakow.pl\/index.php?rest_route=\/wp\/v2\/pages\/401\/revisions"}],"predecessor-version":[{"id":2350,"href":"https:\/\/mcokrakow.pl\/index.php?rest_route=\/wp\/v2\/pages\/401\/revisions\/2350"}],"up":[{"embeddable":true,"href":"https:\/\/mcokrakow.pl\/index.php?rest_route=\/wp\/v2\/pages\/40"}],"wp:attachment":[{"href":"https:\/\/mcokrakow.pl\/index.php?rest_route=%2Fwp%2Fv2%2Fmedia&parent=401"}],"curies":[{"name":"wp","href":"https:\/\/api.w.org\/{rel}","templated":true}]}}