{"id":40,"date":"2014-09-24T19:13:38","date_gmt":"2014-09-24T17:13:38","guid":{"rendered":"http:\/\/ingenufashion.com\/mco\/?page_id=40"},"modified":"2025-08-13T10:58:59","modified_gmt":"2025-08-13T08:58:59","slug":"adresy-zakladow-2","status":"publish","type":"page","link":"https:\/\/mcokrakow.pl\/?page_id=40","title":{"rendered":"Adresy zak\u0142ad\u00f3w"},"content":{"rendered":"<ul>\n<li>\n<h5><span style=\"color: #808080;\"><a style=\"color: #808080;\" title=\"Andrych\u00f3w\" href=\"http:\/\/mcokrakow.pl\/?page_id=300\">Andrych\u00f3w<\/a><\/span><\/h5>\n<\/li>\n<li>\n<h5><a style=\"color: #808080;\" title=\"Andrych\u00f3w\" href=\"https:\/\/mcokrakow.pl\/?page_id=6297\">Alewernia<\/a><\/h5>\n<\/li>\n<li>\n<h5><span style=\"color: #808080;\"><a style=\"color: #808080;\" title=\"Bielsko-Bia\u0142a\" href=\"http:\/\/mcokrakow.pl\/?page_id=305\">Bielsko-Bia\u0142a<\/a><\/span><\/h5>\n<\/li>\n<li>\n<h5><span style=\"color: #808080;\"><a style=\"color: #808080;\" title=\"Bochnia\" href=\"http:\/\/mcokrakow.pl\/?page_id=310\">Bochnia<\/a><\/span><\/h5>\n<\/li>\n<li>\n<h5><span style=\"color: #808080;\"><a style=\"color: #808080;\" title=\"Bochnia\" href=\"https:\/\/mcokrakow.pl\/?page_id=5438\">Bodzentyn<\/a><\/span><\/h5>\n<\/li>\n<li>\n<h5><span style=\"color: #808080;\"><a style=\"color: #808080;\" title=\"Brzesko\" href=\"http:\/\/mcokrakow.pl\/?page_id=313\">Brzesko<\/a><\/span><\/h5>\n<\/li>\n<li>\n<h5><span style=\"color: #808080;\"><a style=\"color: #808080;\" title=\"Brzeszcze\" href=\"http:\/\/mcokrakow.pl\/?page_id=315\">Brzeszcze<\/a><\/span><\/h5>\n<\/li>\n<li>\n<h5><span style=\"color: #808080;\"><a style=\"color: #808080;\" title=\"Busko-Zdr\u00f3j\" href=\"http:\/\/mcokrakow.pl\/?page_id=318\">Busko-Zdr\u00f3j<\/a><\/span><\/h5>\n<\/li>\n<li>\n<h5><span style=\"color: #808080;\"><a style=\"color: #808080;\" title=\"Chrzan\u00f3w\" href=\"http:\/\/mcokrakow.pl\/?page_id=66\">Chrzan\u00f3w<\/a><\/span><\/h5>\n<\/li>\n<li>\n<h5><span style=\"color: #808080;\"><a style=\"color: #808080;\" title=\"D\u0119bica\" href=\"http:\/\/mcokrakow.pl\/?page_id=64\">D\u0119bica<\/a><\/span><\/h5>\n<\/li>\n<li>\n<h5><span style=\"color: #808080;\"><a style=\"color: #808080;\" title=\"Dobczyce\" href=\"http:\/\/mcokrakow.pl\/?page_id=328\">Dobczyce<\/a><\/span><\/h5>\n<\/li>\n<li>\n<h5><span style=\"color: #808080;\"><a style=\"color: #808080;\" title=\"Gorlice\" href=\"http:\/\/mcokrakow.pl\/?page_id=331\">Gorlice<\/a><\/span><\/h5>\n<\/li>\n<li>\n<h5><span style=\"color: #808080;\"><a style=\"color: #808080;\" title=\"I\u0142\u017ca\" href=\"http:\/\/mcokrakow.pl\/?page_id=334\">I\u0142\u017ca<\/a><\/span><\/h5>\n<\/li>\n<li>\n<h5><span style=\"color: #808080;\"><a style=\"color: #808080;\" title=\"Jaros\u0142aw\" href=\"http:\/\/mcokrakow.pl\/?page_id=337\">Jaros\u0142aw<\/a><\/span><\/h5>\n<\/li>\n<li>\n<h5><span style=\"color: #808080;\"><a style=\"color: #808080;\" title=\"Kielce\" href=\"http:\/\/mcokrakow.pl\/?page_id=342\">Kielce<\/a><\/span><\/h5>\n<\/li>\n<li>\n<h5><span style=\"color: #808080;\"><a style=\"color: #808080;\" href=\"http:\/\/mcokrakow.pl\/?page_id=63\">Krak\u00f3w<\/a><\/span><\/h5>\n<\/li>\n<li>\n<h5><span style=\"color: #808080;\"><a style=\"color: #808080;\" title=\"Krosno\" href=\"http:\/\/mcokrakow.pl\/?page_id=360\">Krosno<\/a><\/span><\/h5>\n<\/li>\n<li>\n<h5><span style=\"color: #808080;\"><a style=\"color: #808080;\" title=\"Krynica\" href=\"http:\/\/mcokrakow.pl\/?page_id=363\">Krynica<\/a><\/span><\/h5>\n<\/li>\n<li>\n<h5><span style=\"color: #808080;\"><a style=\"color: #808080;\" title=\"L\u0119dziny\" href=\"http:\/\/mcokrakow.pl\/?page_id=370\">L\u0119dziny<\/a><\/span><\/h5>\n<\/li>\n<li>\n<h5><span style=\"color: #808080;\"><a style=\"color: #808080;\" title=\"Limanowa\" href=\"http:\/\/mcokrakow.pl\/?page_id=377\">Limanowa<\/a><\/span><\/h5>\n<\/li>\n<li>\n<h5><span style=\"color: #808080;\"><a style=\"color: #808080;\" title=\"\u0141a\u0144cut\" href=\"http:\/\/mcokrakow.pl\/?page_id=366\">\u0141a\u0144cut<\/a><\/span><\/h5>\n<\/li>\n<li>\n<h5><span style=\"color: #808080;\"><a style=\"color: #808080;\" title=\"\u0141om\u017ca\" href=\"http:\/\/mcokrakow.pl\/?page_id=1546\">\u0141om\u017ca<\/a><\/span><\/h5>\n<\/li>\n<li>\n<h5><span style=\"color: #808080;\"><a style=\"color: #808080;\" title=\"Mak\u00f3w Podhala\u0144ski\" href=\"http:\/\/mcokrakow.pl\/?page_id=382\">Mak\u00f3w Podhala\u0144ski<\/a><\/span><\/h5>\n<\/li>\n<li>\n<h5><span style=\"color: #808080;\"><a style=\"color: #808080;\" title=\"Miech\u00f3w\" href=\"http:\/\/mcokrakow.pl\/?page_id=389\">Miech\u00f3w<\/a><\/span><\/h5>\n<\/li>\n<li>\n<h5><span style=\"color: #808080;\"><a style=\"color: #808080;\" title=\"Mielec\" href=\"http:\/\/mcokrakow.pl\/?page_id=395\">Mielec<\/a><\/span><\/h5>\n<\/li>\n<li>\n<h5><span style=\"color: #808080;\"><a style=\"color: #808080;\" title=\"My\u015blenice\" href=\"http:\/\/mcokrakow.pl\/?page_id=401\">My\u015blenice<\/a><\/span><\/h5>\n<\/li>\n<li>\n<h5><span style=\"color: #808080;\"><a style=\"color: #808080;\" title=\"Niepo\u0142omice\" href=\"http:\/\/mcokrakow.pl\/?page_id=407\">Niepo\u0142omice<\/a><\/span><\/h5>\n<\/li>\n<li>\n<h5><span style=\"color: #808080;\"><a style=\"color: #808080;\" title=\"Nisko\" href=\"http:\/\/mcokrakow.pl\/?page_id=412\">Nisko<\/a><\/span><\/h5>\n<\/li>\n<li>\n<h5><span style=\"color: #808080;\"><a style=\"color: #808080;\" title=\"Nowy S\u0105cz\" href=\"http:\/\/mcokrakow.pl\/?page_id=418\">Nowy S\u0105cz<\/a><\/span><\/h5>\n<\/li>\n<li>\n<h5><span style=\"color: #808080;\"><a style=\"color: #808080;\" title=\"Nowy Targ\" href=\"http:\/\/mcokrakow.pl\/?page_id=422\">Nowy Targ<\/a><\/span><\/h5>\n<\/li>\n<li>\n<h5><strong><span style=\"color: #808080;\"><a style=\"color: #808080;\" title=\"Ostro\u0142\u0119ka\" href=\"http:\/\/mcokrakow.pl\/?page_id=1549\">Ostro\u0142\u0119ka<\/a><\/span><\/strong><\/h5>\n<\/li>\n<li>\n<h5><span style=\"color: #808080;\"><a style=\"color: #808080;\" title=\"Przemy\u015bl\" href=\"http:\/\/mcokrakow.pl\/?page_id=434\">Przemy\u015bl<\/a><\/span><\/h5>\n<\/li>\n<li>\n<h5><span style=\"color: #808080;\"><a style=\"color: #808080;\" title=\"Rabka\" href=\"http:\/\/mcokrakow.pl\/?page_id=439\">Rabka<\/a><\/span><\/h5>\n<\/li>\n<li>\n<h5><span style=\"color: #808080;\"><a style=\"color: #808080;\" title=\"Rzesz\u00f3w\" href=\"http:\/\/mcokrakow.pl\/?page_id=478\">Rzesz\u00f3w<\/a><\/span><\/h5>\n<\/li>\n<li>\n<h5><span style=\"color: #808080;\"><a style=\"color: #808080;\" title=\"Sandomierz\" href=\"http:\/\/mcokrakow.pl\/?page_id=482\">Sandomierz<\/a><\/span><\/h5>\n<\/li>\n<li>\n<h5><span style=\"color: #808080;\"><a style=\"color: #808080;\" title=\"Skar\u017cysko-Kamienna\" href=\"http:\/\/mcokrakow.pl\/?page_id=485\">Skar\u017cysko Kamienna<\/a><\/span><\/h5>\n<\/li>\n<li>\n<h5><span style=\"color: #808080;\"><a style=\"color: #808080;\" title=\"Stalowa Wola\" href=\"http:\/\/mcokrakow.pl\/?page_id=488\">Stalowa Wola<\/a><\/span><\/h5>\n<\/li>\n<li>\n<h5><span style=\"color: #808080;\"><a style=\"color: #808080;\" title=\"Strzy\u017c\u00f3w\" href=\"http:\/\/mcokrakow.pl\/?page_id=491\">Strzy\u017c\u00f3w<\/a><\/span><\/h5>\n<\/li>\n<li>\n<h5><span style=\"color: #808080;\"><a style=\"color: #808080;\" title=\"Tarnobrzeg\" href=\"http:\/\/mcokrakow.pl\/?page_id=68\">Tarnobrzeg<\/a><\/span><\/h5>\n<\/li>\n<li>\n<h5><span style=\"color: #808080;\"><a style=\"color: #808080;\" title=\"Tarn\u00f3w\" href=\"http:\/\/mcokrakow.pl\/?page_id=496\">Tarn\u00f3w<\/a><\/span><\/h5>\n<\/li>\n<li>\n<h5><span style=\"color: #808080;\"><a style=\"color: #808080;\" title=\"Trzebinia\" href=\"http:\/\/mcokrakow.pl\/?page_id=499\">Trzebinia<\/a><\/span><\/h5>\n<\/li>\n<li>\n<h5><span style=\"color: #808080;\"><a style=\"color: #808080;\" title=\"Wa\u0142brzych\" href=\"http:\/\/mcokrakow.pl\/?page_id=1777\">Wa\u0142brzych<\/a><\/span><\/h5>\n<\/li>\n<li>\n<h5><span style=\"color: #808080;\"><a style=\"color: #808080;\" title=\"Wieliczka\" href=\"http:\/\/mcokrakow.pl\/?page_id=502\">Wieliczka<\/a><\/span><\/h5>\n<\/li>\n<\/ul>\n","protected":false},"excerpt":{"rendered":"<p>Andrych\u00f3w Alewernia Bielsko-Bia\u0142a Bochnia Bodzentyn Brzesko Brzeszcze Busko-Zdr\u00f3j Chrzan\u00f3w D\u0119bica Dobczyce Gorlice I\u0142\u017ca Jaros\u0142aw Kielce Krak\u00f3w Krosno Krynica L\u0119dziny Limanowa \u0141a\u0144cut \u0141om\u017ca Mak\u00f3w Podhala\u0144ski Miech\u00f3w Mielec My\u015blenice Niepo\u0142omice Nisko Nowy S\u0105cz Nowy Targ Ostro\u0142\u0119ka Przemy\u015bl Rabka Rzesz\u00f3w Sandomierz Skar\u017cysko Kamienna &hellip; <a href=\"https:\/\/mcokrakow.pl\/?page_id=40\">Continued<\/a><\/p>\n","protected":false},"author":1,"featured_media":0,"parent":0,"menu_order":0,"comment_status":"closed","ping_status":"closed","template":"","meta":{"footnotes":""},"class_list":["post-40","page","type-page","status-publish","hentry"],"_links":{"self":[{"href":"https:\/\/mcokrakow.pl\/index.php?rest_route=\/wp\/v2\/pages\/40","targetHints":{"allow":["GET"]}}],"collection":[{"href":"https:\/\/mcokrakow.pl\/index.php?rest_route=\/wp\/v2\/pages"}],"about":[{"href":"https:\/\/mcokrakow.pl\/index.php?rest_route=\/wp\/v2\/types\/page"}],"author":[{"embeddable":true,"href":"https:\/\/mcokrakow.pl\/index.php?rest_route=\/wp\/v2\/users\/1"}],"replies":[{"embeddable":true,"href":"https:\/\/mcokrakow.pl\/index.php?rest_route=%2Fwp%2Fv2%2Fcomments&post=40"}],"version-history":[{"count":60,"href":"https:\/\/mcokrakow.pl\/index.php?rest_route=\/wp\/v2\/pages\/40\/revisions"}],"predecessor-version":[{"id":6303,"href":"https:\/\/mcokrakow.pl\/index.php?rest_route=\/wp\/v2\/pages\/40\/revisions\/6303"}],"wp:attachment":[{"href":"https:\/\/mcokrakow.pl\/index.php?rest_route=%2Fwp%2Fv2%2Fmedia&parent=40"}],"curies":[{"name":"wp","href":"https:\/\/api.w.org\/{rel}","templated":true}]}}