{"id":389,"date":"2014-10-03T13:37:58","date_gmt":"2014-10-03T11:37:58","guid":{"rendered":"http:\/\/mcokrakow.pl\/?page_id=389"},"modified":"2014-10-03T13:38:29","modified_gmt":"2014-10-03T11:38:29","slug":"miechow","status":"publish","type":"page","link":"https:\/\/mcokrakow.pl\/?page_id=389","title":{"rendered":"Miech\u00f3w"},"content":{"rendered":"<p style=\"text-align: center;\"><strong>Zak\u0142ad Optyczny<\/strong><\/p>\n<p style=\"text-align: center;\"><strong>Zofia Go\u0142\u0105b<\/strong><\/p>\n<p style=\"text-align: center;\">ul. Poprzeczna 1<\/p>\n<p style=\"text-align: center;\">32-200 Miech\u00f3w<\/p>\n<p style=\"text-align: center;\">tel. (41) 383-01-08<\/p>\n<p>&nbsp;<\/p>\n","protected":false},"excerpt":{"rendered":"<p>Zak\u0142ad Optyczny Zofia Go\u0142\u0105b ul. Poprzeczna 1 32-200 Miech\u00f3w tel. (41) 383-01-08 &nbsp;<\/p>\n","protected":false},"author":1,"featured_media":0,"parent":40,"menu_order":0,"comment_status":"open","ping_status":"open","template":"page-contact.php","meta":{"footnotes":""},"class_list":["post-389","page","type-page","status-publish","hentry"],"_links":{"self":[{"href":"https:\/\/mcokrakow.pl\/index.php?rest_route=\/wp\/v2\/pages\/389","targetHints":{"allow":["GET"]}}],"collection":[{"href":"https:\/\/mcokrakow.pl\/index.php?rest_route=\/wp\/v2\/pages"}],"about":[{"href":"https:\/\/mcokrakow.pl\/index.php?rest_route=\/wp\/v2\/types\/page"}],"author":[{"embeddable":true,"href":"https:\/\/mcokrakow.pl\/index.php?rest_route=\/wp\/v2\/users\/1"}],"replies":[{"embeddable":true,"href":"https:\/\/mcokrakow.pl\/index.php?rest_route=%2Fwp%2Fv2%2Fcomments&post=389"}],"version-history":[{"count":1,"href":"https:\/\/mcokrakow.pl\/index.php?rest_route=\/wp\/v2\/pages\/389\/revisions"}],"predecessor-version":[{"id":391,"href":"https:\/\/mcokrakow.pl\/index.php?rest_route=\/wp\/v2\/pages\/389\/revisions\/391"}],"up":[{"embeddable":true,"href":"https:\/\/mcokrakow.pl\/index.php?rest_route=\/wp\/v2\/pages\/40"}],"wp:attachment":[{"href":"https:\/\/mcokrakow.pl\/index.php?rest_route=%2Fwp%2Fv2%2Fmedia&parent=389"}],"curies":[{"name":"wp","href":"https:\/\/api.w.org\/{rel}","templated":true}]}}