{"id":370,"date":"2014-10-03T13:28:51","date_gmt":"2014-10-03T11:28:51","guid":{"rendered":"http:\/\/mcokrakow.pl\/?page_id=370"},"modified":"2014-10-03T13:29:18","modified_gmt":"2014-10-03T11:29:18","slug":"ledziny","status":"publish","type":"page","link":"https:\/\/mcokrakow.pl\/?page_id=370","title":{"rendered":"L\u0119dziny"},"content":{"rendered":"<p style=\"text-align: center;\"><strong>Zak\u0142ad Optyczny<\/strong><\/p>\n<p style=\"text-align: center;\"><strong>Patryk Liszewski<\/strong><\/p>\n<p style=\"text-align: center;\">ul. L\u0119dzi\u0144ska 14<\/p>\n<p style=\"text-align: center;\">43-143 L\u0119dziny<\/p>\n<p style=\"text-align: center;\">tel. (32) 326-64-09<\/p>\n","protected":false},"excerpt":{"rendered":"<p>Zak\u0142ad Optyczny Patryk Liszewski ul. L\u0119dzi\u0144ska 14 43-143 L\u0119dziny tel. (32) 326-64-09<\/p>\n","protected":false},"author":1,"featured_media":0,"parent":40,"menu_order":0,"comment_status":"open","ping_status":"open","template":"page-contact.php","meta":{"footnotes":""},"class_list":["post-370","page","type-page","status-publish","hentry"],"_links":{"self":[{"href":"https:\/\/mcokrakow.pl\/index.php?rest_route=\/wp\/v2\/pages\/370","targetHints":{"allow":["GET"]}}],"collection":[{"href":"https:\/\/mcokrakow.pl\/index.php?rest_route=\/wp\/v2\/pages"}],"about":[{"href":"https:\/\/mcokrakow.pl\/index.php?rest_route=\/wp\/v2\/types\/page"}],"author":[{"embeddable":true,"href":"https:\/\/mcokrakow.pl\/index.php?rest_route=\/wp\/v2\/users\/1"}],"replies":[{"embeddable":true,"href":"https:\/\/mcokrakow.pl\/index.php?rest_route=%2Fwp%2Fv2%2Fcomments&post=370"}],"version-history":[{"count":1,"href":"https:\/\/mcokrakow.pl\/index.php?rest_route=\/wp\/v2\/pages\/370\/revisions"}],"predecessor-version":[{"id":372,"href":"https:\/\/mcokrakow.pl\/index.php?rest_route=\/wp\/v2\/pages\/370\/revisions\/372"}],"up":[{"embeddable":true,"href":"https:\/\/mcokrakow.pl\/index.php?rest_route=\/wp\/v2\/pages\/40"}],"wp:attachment":[{"href":"https:\/\/mcokrakow.pl\/index.php?rest_route=%2Fwp%2Fv2%2Fmedia&parent=370"}],"curies":[{"name":"wp","href":"https:\/\/api.w.org\/{rel}","templated":true}]}}