{"id":37,"date":"2014-09-24T19:13:11","date_gmt":"2014-09-24T17:13:11","guid":{"rendered":"http:\/\/ingenufashion.com\/mco\/?page_id=37"},"modified":"2024-07-12T10:29:37","modified_gmt":"2024-07-12T08:29:37","slug":"adresy-zakladow","status":"publish","type":"page","link":"https:\/\/mcokrakow.pl\/?page_id=37","title":{"rendered":"Kontakt"},"content":{"rendered":"<p style=\"text-align: center;\"><strong>Ma\u0142opolski Cech Optyk\u00f3w<\/strong><\/p>\n<p style=\"text-align: center;\"><strong>ul. S\u0142owia\u0144ska 3<\/strong><\/p>\n<p style=\"text-align: center;\"><strong>31-141 Krak\u00f3w<\/strong><\/p>\n<p style=\"text-align: center;\">tel\/fax: (12) 421-90-77<\/p>\n<p style=\"text-align: center;\">tel. 733-954-033<\/p>\n<p style=\"text-align: center;\">e-mail: cechoptykow@op.pl<\/p>\n<p style=\"text-align: center;\">strona: www.mcokrakow.pl<\/p>\n<p style=\"text-align: center;\">facebook: Cech Optyk\u00f3w<\/p>\n<p style=\"text-align: center;\">instagram: Cech Optyk\u00f3w<\/p>\n<p style=\"text-align: center;\">Konto bankowe &#8211; Deutsche Bank:<\/p>\n<p style=\"text-align: center;\">65 1910 1048 0001 0504 1121 0001<\/p>\n","protected":false},"excerpt":{"rendered":"<p>Ma\u0142opolski Cech Optyk\u00f3w ul. S\u0142owia\u0144ska 3 31-141 Krak\u00f3w tel\/fax: (12) 421-90-77 tel. 733-954-033 e-mail: cechoptykow@op.pl strona: www.mcokrakow.pl facebook: Cech Optyk\u00f3w instagram: Cech Optyk\u00f3w Konto bankowe &#8211; Deutsche Bank: 65 1910 1048 0001 0504 1121 0001<\/p>\n","protected":false},"author":1,"featured_media":0,"parent":0,"menu_order":0,"comment_status":"closed","ping_status":"closed","template":"page-contact.php","meta":{"footnotes":""},"class_list":["post-37","page","type-page","status-publish","hentry"],"_links":{"self":[{"href":"https:\/\/mcokrakow.pl\/index.php?rest_route=\/wp\/v2\/pages\/37","targetHints":{"allow":["GET"]}}],"collection":[{"href":"https:\/\/mcokrakow.pl\/index.php?rest_route=\/wp\/v2\/pages"}],"about":[{"href":"https:\/\/mcokrakow.pl\/index.php?rest_route=\/wp\/v2\/types\/page"}],"author":[{"embeddable":true,"href":"https:\/\/mcokrakow.pl\/index.php?rest_route=\/wp\/v2\/users\/1"}],"replies":[{"embeddable":true,"href":"https:\/\/mcokrakow.pl\/index.php?rest_route=%2Fwp%2Fv2%2Fcomments&post=37"}],"version-history":[{"count":10,"href":"https:\/\/mcokrakow.pl\/index.php?rest_route=\/wp\/v2\/pages\/37\/revisions"}],"predecessor-version":[{"id":5925,"href":"https:\/\/mcokrakow.pl\/index.php?rest_route=\/wp\/v2\/pages\/37\/revisions\/5925"}],"wp:attachment":[{"href":"https:\/\/mcokrakow.pl\/index.php?rest_route=%2Fwp%2Fv2%2Fmedia&parent=37"}],"curies":[{"name":"wp","href":"https:\/\/api.w.org\/{rel}","templated":true}]}}