{"id":366,"date":"2014-10-03T13:25:25","date_gmt":"2014-10-03T11:25:25","guid":{"rendered":"http:\/\/mcokrakow.pl\/?page_id=366"},"modified":"2014-10-03T13:25:54","modified_gmt":"2014-10-03T11:25:54","slug":"lancut","status":"publish","type":"page","link":"https:\/\/mcokrakow.pl\/?page_id=366","title":{"rendered":"\u0141a\u0144cut"},"content":{"rendered":"<p style=\"text-align: center;\"><strong>Zak\u0142ad Optyczny<\/strong><\/p>\n<p style=\"text-align: center;\"><strong>Henryka Rusinek<\/strong><\/p>\n<p style=\"text-align: center;\">Plac Sobieskiego 6<\/p>\n<p style=\"text-align: center;\">37-100 \u0141a\u0144cut<\/p>\n<p style=\"text-align: center;\">tel. (17) 225-33-78<\/p>\n","protected":false},"excerpt":{"rendered":"<p>Zak\u0142ad Optyczny Henryka Rusinek Plac Sobieskiego 6 37-100 \u0141a\u0144cut tel. (17) 225-33-78<\/p>\n","protected":false},"author":1,"featured_media":0,"parent":40,"menu_order":0,"comment_status":"open","ping_status":"open","template":"page-contact.php","meta":{"footnotes":""},"class_list":["post-366","page","type-page","status-publish","hentry"],"_links":{"self":[{"href":"https:\/\/mcokrakow.pl\/index.php?rest_route=\/wp\/v2\/pages\/366","targetHints":{"allow":["GET"]}}],"collection":[{"href":"https:\/\/mcokrakow.pl\/index.php?rest_route=\/wp\/v2\/pages"}],"about":[{"href":"https:\/\/mcokrakow.pl\/index.php?rest_route=\/wp\/v2\/types\/page"}],"author":[{"embeddable":true,"href":"https:\/\/mcokrakow.pl\/index.php?rest_route=\/wp\/v2\/users\/1"}],"replies":[{"embeddable":true,"href":"https:\/\/mcokrakow.pl\/index.php?rest_route=%2Fwp%2Fv2%2Fcomments&post=366"}],"version-history":[{"count":1,"href":"https:\/\/mcokrakow.pl\/index.php?rest_route=\/wp\/v2\/pages\/366\/revisions"}],"predecessor-version":[{"id":367,"href":"https:\/\/mcokrakow.pl\/index.php?rest_route=\/wp\/v2\/pages\/366\/revisions\/367"}],"up":[{"embeddable":true,"href":"https:\/\/mcokrakow.pl\/index.php?rest_route=\/wp\/v2\/pages\/40"}],"wp:attachment":[{"href":"https:\/\/mcokrakow.pl\/index.php?rest_route=%2Fwp%2Fv2%2Fmedia&parent=366"}],"curies":[{"name":"wp","href":"https:\/\/api.w.org\/{rel}","templated":true}]}}