{"id":35,"date":"2014-09-24T19:12:52","date_gmt":"2014-09-24T17:12:52","guid":{"rendered":"http:\/\/ingenufashion.com\/mco\/?page_id=35"},"modified":"2025-05-30T14:19:54","modified_gmt":"2025-05-30T12:19:54","slug":"historia","status":"publish","type":"page","link":"https:\/\/mcokrakow.pl\/?page_id=35","title":{"rendered":"Sk\u0142ady komisji"},"content":{"rendered":"<p><span style=\"color: #ff0000;\"><strong>SK\u0141ADY KOMISJI MA\u0141OPOLSKIEGO CECHU OPTYK\u00d3W W KRAKOWIE:<\/strong><\/span><strong><br \/>\n<\/strong><\/p>\n<p><span style=\"color: #0000ff;\"><strong>Zarz\u0105d MCO:<\/strong><\/span><\/p>\n<ul>\n<li><strong>W\u00f3jcik Marian\u00a0<\/strong>\u00a0 \u00a0 \u00a0 \u00a0 \u00a0 \u00a0 =&gt; <strong>Prezes Zarz\u0105du MCO<\/strong><\/li>\n<\/ul>\n<ul>\n<li>Kluza Edward\u00a0 \u00a0 \u00a0 \u00a0 \u00a0 \u00a0 \u00a0 \u00a0=&gt; V-ce Prezes Zarz\u0105du MCO<\/li>\n<li>Bro\u017cek Roman\u00a0 \u00a0 \u00a0 \u00a0 \u00a0 \u00a0 \u00a0 =&gt; V-ce Prezes Zarz\u0105du MCO<\/li>\n<\/ul>\n<ul>\n<li>Dobrowolski Jerzy\u00a0 \u00a0 \u00a0 \u00a0 \u00a0=&gt; Cz\u0142onek Zarz\u0105du<\/li>\n<li>Kobierzycki Waldemar\u00a0 \u00a0=&gt; Cz\u0142onek Zarz\u0105du<\/li>\n<li>Broszkiewicz Marek\u00a0 \u00a0 \u00a0 =&gt; Cz\u0142onek Zarz\u0105du<\/li>\n<li>M\u0119\u017cyk Stanis\u0142aw\u00a0 \u00a0 \u00a0 \u00a0 \u00a0 \u00a0 =&gt; Cz\u0142onek Zarz\u0105du<\/li>\n<li>D\u0105browski Andrzej\u00a0 \u00a0 \u00a0 \u00a0 \u00a0=&gt; Cz\u0142onek Zarz\u0105du<\/li>\n<li>Egert Marek\u00a0 \u00a0 \u00a0 \u00a0 \u00a0 \u00a0 \u00a0 \u00a0 \u00a0 \u00a0 =&gt; Cz\u0142onek Zarz\u0105du<\/li>\n<\/ul>\n<p><span style=\"color: #0000ff;\"><strong>Dyrektor MCO:<\/strong><\/span><\/p>\n<ul>\n<li>Moszy\u0144ski Wojciech<\/li>\n<\/ul>\n<p><span style=\"color: #0000ff;\"><strong>Honorowi Cz\u0142onkowie Zarz\u0105du:<\/strong><\/span><\/p>\n<ul>\n<li>Jobs Jaros\u0142aw<\/li>\n<\/ul>\n<p><span style=\"color: #0000ff;\"><strong>Koordynatorzy Magazynu Bran\u017cowego OPTYK POLSKI:<\/strong><\/span><\/p>\n<ul>\n<li>W\u00f3jcik Marian<\/li>\n<li>Moszy\u0144ski Wojciech<\/li>\n<\/ul>\n<p><span style=\"color: #0000ff;\"><strong>Komisja Egzaminacyjna MIRiP:<\/strong><\/span><\/p>\n<ul>\n<li>Dobrowolski Jerzy\u00a0 \u00a0 =&gt; Przewodnicz\u0105cy Komisji<\/li>\n<li>M\u0119\u017cyk Stanis\u0142aw\u00a0 \u00a0 \u00a0=&gt; Zast\u0119pca Przewodnicz\u0105cego<\/li>\n<li>W\u00f3jcik Marian\u00a0 \u00a0 \u00a0 \u00a0 \u00a0=&gt; Cz\u0142onek Komisji<\/li>\n<li>Kluza Edward\u00a0\u00a0\u00a0\u00a0\u00a0\u00a0\u00a0\u00a0\u00a0 =&gt; Cz\u0142onek Komisji<\/li>\n<li>D\u0105browski Andrzej =&gt; Cz\u0142onek Komisji<\/li>\n<li>Bro\u017cek Roman \u00a0 \u00a0 \u00a0 \u00a0 =&gt; Cz\u0142onek Komisji<\/li>\n<li>G\u00f3ral-Bulek Halina \u00a0 =&gt; Cz\u0142onek Komisji<\/li>\n<\/ul>\n<p><span style=\"color: #0000ff;\"><strong>Zarz\u0105d KRIO:<\/strong><\/span><\/p>\n<ul>\n<li>D\u0105browski Andrzej\u00a0 \u00a0 \u00a0 \u00a0 \u00a0 \u00a0=&gt; Przewodnicz\u0105cy Komisji Rewizyjnej KRIO<\/li>\n<li>Kobierzycki Waldemar\u00a0 \u00a0 \u00a0=&gt; Cz\u0142onek Zarz\u0105du KRIO<\/li>\n<\/ul>\n<p><span style=\"color: #0000ff;\"><strong>Komisja Promocji MIRiP:<\/strong><\/span><\/p>\n<ul>\n<li>W\u00f3jcik Marian\u00a0\u00a0\u00a0\u00a0\u00a0\u00a0\u00a0 \u00a0 \u00a0 =&gt; Przewodnicz\u0105cy Komisji<\/li>\n<\/ul>\n<p><span style=\"color: #0000ff;\"><strong>Komisja Rewizyjna MIRiP:\u00a0<\/strong><\/span><\/p>\n<ul>\n<li>Marian W\u00f3jcik\u00a0\u00a0\u00a0\u00a0\u00a0\u00a0\u00a0 \u00a0 \u00a0\u00a0 =&gt; Zast\u0119pca Przewodnicz\u0105cego Komisji<\/li>\n<\/ul>\n<p><span style=\"color: #0000ff;\"><strong>Odwo\u0142awczy S\u0105d Izbowy KRIO:<\/strong><\/span><\/p>\n<ul>\n<li>G\u00f3ral-Bulek Halina\u00a0\u00a0\u00a0\u00a0\u00a0 =&gt; Cz\u0142onek Komisji<\/li>\n<\/ul>\n<p><span style=\"color: #0000ff;\"><strong>Komisja Rewizyjna MCO:<\/strong><\/span><\/p>\n<ul>\n<li>Jobs Janusz<\/li>\n<li>Kmie\u0107 Miros\u0142aw<\/li>\n<\/ul>\n<p><span style=\"color: #0000ff;\"><strong>S\u0105d Cechowy:<\/strong><\/span><\/p>\n<ul>\n<li>Broszkiewicz Marek<\/li>\n<li>Kobierzycki Waldemar<\/li>\n<\/ul>\n<p><span style=\"color: #0000ff;\"><strong>Delegaci do MIRIP:<\/strong><\/span><\/p>\n<ul>\n<li>W\u00f3jcik Marian<\/li>\n<li>Kobierzycki Waldemar<\/li>\n<\/ul>\n<p><span style=\"color: #0000ff;\"><strong>Delegaci do KRIO:<\/strong><\/span><\/p>\n<ul>\n<li>W\u00f3jcik Marian<\/li>\n<li>Kobierzycki Waldemar<\/li>\n<li>Broszkiewicz Marek<\/li>\n<li>Jobs Janusz<\/li>\n<li>Bro\u017cek Roman<\/li>\n<li>Egert Marek<\/li>\n<\/ul>\n<p><strong style=\"color: #0000ff;\">Komisja Promocji MCO:<\/strong><\/p>\n<ul>\n<li>Bro\u017cek Roman\u00a0\u00a0\u00a0\u00a0\u00a0\u00a0\u00a0\u00a0\u00a0\u00a0\u00a0\u00a0 =&gt; Przewodnicz\u0105cy Komisji<\/li>\n<li>M\u0119\u017cyk Stanis\u0142aw\u00a0\u00a0\u00a0\u00a0\u00a0\u00a0\u00a0\u00a0\u00a0\u00a0 =&gt; Cz\u0142onek Komisji<\/li>\n<li>Dobrowolski Jerzy\u00a0\u00a0\u00a0\u00a0\u00a0\u00a0\u00a0\u00a0 =&gt; Cz\u0142onek Komisji<\/li>\n<\/ul>\n<p><span style=\"color: #0000ff;\"><strong>ZA\u0141O\u017bYCIELE MA\u0141OPOLSKIEGO CECHU OPTYK\u00d3W W\u00a0KRAKOWIE:<\/strong><\/span><\/p>\n<ul>\n<li>Marian W\u00f3jcik optyk z\u00a0Krakowa<\/li>\n<li>Wies\u0142aw Koczorowski optyk z\u00a0Krakowa<\/li>\n<li>Edward Kluza optyk z\u00a0Tarnowa<\/li>\n<li>Stanis\u0142aw Salwi\u0144ski optyk z\u00a0Krakowa<\/li>\n<li>Mieczys\u0142aw Walczyk optyk z\u00a0Nowego S\u0105cza<\/li>\n<li>Adam Makarewicz optyk z\u00a0Rzeszowa<\/li>\n<\/ul>\n","protected":false},"excerpt":{"rendered":"<p>SK\u0141ADY KOMISJI MA\u0141OPOLSKIEGO CECHU OPTYK\u00d3W W KRAKOWIE: Zarz\u0105d MCO: W\u00f3jcik Marian\u00a0\u00a0 \u00a0 \u00a0 \u00a0 \u00a0 \u00a0 =&gt; Prezes Zarz\u0105du MCO Kluza Edward\u00a0 \u00a0 \u00a0 \u00a0 \u00a0 \u00a0 \u00a0 \u00a0=&gt; V-ce Prezes Zarz\u0105du MCO Bro\u017cek Roman\u00a0 \u00a0 \u00a0 \u00a0 \u00a0 \u00a0 &hellip; <a href=\"https:\/\/mcokrakow.pl\/?page_id=35\">Continued<\/a><\/p>\n","protected":false},"author":1,"featured_media":0,"parent":0,"menu_order":0,"comment_status":"closed","ping_status":"closed","template":"page-feature.php","meta":{"footnotes":""},"class_list":["post-35","page","type-page","status-publish","hentry"],"_links":{"self":[{"href":"https:\/\/mcokrakow.pl\/index.php?rest_route=\/wp\/v2\/pages\/35","targetHints":{"allow":["GET"]}}],"collection":[{"href":"https:\/\/mcokrakow.pl\/index.php?rest_route=\/wp\/v2\/pages"}],"about":[{"href":"https:\/\/mcokrakow.pl\/index.php?rest_route=\/wp\/v2\/types\/page"}],"author":[{"embeddable":true,"href":"https:\/\/mcokrakow.pl\/index.php?rest_route=\/wp\/v2\/users\/1"}],"replies":[{"embeddable":true,"href":"https:\/\/mcokrakow.pl\/index.php?rest_route=%2Fwp%2Fv2%2Fcomments&post=35"}],"version-history":[{"count":55,"href":"https:\/\/mcokrakow.pl\/index.php?rest_route=\/wp\/v2\/pages\/35\/revisions"}],"predecessor-version":[{"id":6279,"href":"https:\/\/mcokrakow.pl\/index.php?rest_route=\/wp\/v2\/pages\/35\/revisions\/6279"}],"wp:attachment":[{"href":"https:\/\/mcokrakow.pl\/index.php?rest_route=%2Fwp%2Fv2%2Fmedia&parent=35"}],"curies":[{"name":"wp","href":"https:\/\/api.w.org\/{rel}","templated":true}]}}