{"id":331,"date":"2014-10-03T12:35:49","date_gmt":"2014-10-03T10:35:49","guid":{"rendered":"http:\/\/mcokrakow.pl\/?page_id=331"},"modified":"2014-10-03T12:35:49","modified_gmt":"2014-10-03T10:35:49","slug":"gorlice-2","status":"publish","type":"page","link":"https:\/\/mcokrakow.pl\/?page_id=331","title":{"rendered":"Gorlice"},"content":{"rendered":"<p style=\"text-align: center;\"><strong>Zak\u0142ad Optyczny<\/strong><\/p>\n<p style=\"text-align: center;\"><strong>Katarzyna Adamowska<\/strong><\/p>\n<p style=\"text-align: center;\">ul. 3-go Maja 11<\/p>\n<p style=\"text-align: center;\">38-300 Gorlice<\/p>\n<p style=\"text-align: center;\">tel. (18) 353-66-67<\/p>\n<hr \/>\n<p style=\"text-align: center;\">\n<p style=\"text-align: center;\"><strong>Zak\u0142ad Optyczny<\/strong><\/p>\n<p style=\"text-align: center;\"><strong>Stanis\u0142aw M\u0119\u017cyk<\/strong><\/p>\n<p style=\"text-align: center;\">ul. Ko\u0142\u0142\u0105taja 8<\/p>\n<p style=\"text-align: center;\">38-300 Gorlice<\/p>\n<p style=\"text-align: center;\">tel. (18) 353-62-40<\/p>\n","protected":false},"excerpt":{"rendered":"<p>Zak\u0142ad Optyczny Katarzyna Adamowska ul. 3-go Maja 11 38-300 Gorlice tel. (18) 353-66-67 Zak\u0142ad Optyczny Stanis\u0142aw M\u0119\u017cyk ul. Ko\u0142\u0142\u0105taja 8 38-300 Gorlice tel. (18) 353-62-40<\/p>\n","protected":false},"author":1,"featured_media":0,"parent":40,"menu_order":0,"comment_status":"open","ping_status":"open","template":"","meta":{"footnotes":""},"class_list":["post-331","page","type-page","status-publish","hentry"],"_links":{"self":[{"href":"https:\/\/mcokrakow.pl\/index.php?rest_route=\/wp\/v2\/pages\/331","targetHints":{"allow":["GET"]}}],"collection":[{"href":"https:\/\/mcokrakow.pl\/index.php?rest_route=\/wp\/v2\/pages"}],"about":[{"href":"https:\/\/mcokrakow.pl\/index.php?rest_route=\/wp\/v2\/types\/page"}],"author":[{"embeddable":true,"href":"https:\/\/mcokrakow.pl\/index.php?rest_route=\/wp\/v2\/users\/1"}],"replies":[{"embeddable":true,"href":"https:\/\/mcokrakow.pl\/index.php?rest_route=%2Fwp%2Fv2%2Fcomments&post=331"}],"version-history":[{"count":1,"href":"https:\/\/mcokrakow.pl\/index.php?rest_route=\/wp\/v2\/pages\/331\/revisions"}],"predecessor-version":[{"id":332,"href":"https:\/\/mcokrakow.pl\/index.php?rest_route=\/wp\/v2\/pages\/331\/revisions\/332"}],"up":[{"embeddable":true,"href":"https:\/\/mcokrakow.pl\/index.php?rest_route=\/wp\/v2\/pages\/40"}],"wp:attachment":[{"href":"https:\/\/mcokrakow.pl\/index.php?rest_route=%2Fwp%2Fv2%2Fmedia&parent=331"}],"curies":[{"name":"wp","href":"https:\/\/api.w.org\/{rel}","templated":true}]}}