{"id":33,"date":"2014-09-24T19:12:30","date_gmt":"2014-09-24T17:12:30","guid":{"rendered":"http:\/\/ingenufashion.com\/mco\/?page_id=33"},"modified":"2025-05-26T14:08:37","modified_gmt":"2025-05-26T12:08:37","slug":"zarzad","status":"publish","type":"page","link":"https:\/\/mcokrakow.pl\/?page_id=33","title":{"rendered":"Zarz\u0105d"},"content":{"rendered":"<table style=\"height: 2019px;\" width=\"1128\">\n<tbody>\n<tr>\n<td colspan=\"2\" width=\"614\">\n<h5 style=\"text-align: center;\">Prezes Zarz\u0105du, Starszy Ma\u0142opolskiego Cechu Optyk\u00f3w:\u00a0<em><strong>Marian W\u00f3jcik<\/strong><\/em><\/h5>\n<p><a href=\"http:\/\/mcokrakow.pl\/wp-content\/uploads\/2014\/09\/Marian-W\u00f3jcik.jpg\"><img fetchpriority=\"high\" decoding=\"async\" class=\" wp-image-164 aligncenter\" src=\"http:\/\/mcokrakow.pl\/wp-content\/uploads\/2014\/09\/Marian-W\u00f3jcik.jpg\" alt=\"Marian W\u00f3jcik\" width=\"223\" height=\"235\" \/><\/a><\/td>\n<\/tr>\n<tr>\n<td width=\"307\">\n<h5>Podstarszy Cechu, Vice Prezes Zarz\u0105du:\u00a0<em><strong>Edward Kluza<\/strong><\/em><\/h5>\n<p><a href=\"http:\/\/mcokrakow.pl\/wp-content\/uploads\/2014\/09\/Edward-Kluza.jpg\"><img decoding=\"async\" class=\" wp-image-165 aligncenter\" src=\"http:\/\/mcokrakow.pl\/wp-content\/uploads\/2014\/09\/Edward-Kluza.jpg\" alt=\"Edward Kluza\" width=\"134\" height=\"153\" \/><\/a><\/td>\n<td width=\"307\">\n<h5>Podstarszy Cechu, Vice Prezes Zarz\u0105du:\u00a0<em><strong>Roman Bro\u017cek<\/strong><\/em><\/h5>\n<p><a href=\"http:\/\/mcokrakow.pl\/wp-content\/uploads\/2014\/09\/Roman-Bro\u017cek.jpg\"><img decoding=\"async\" class=\" wp-image-169 aligncenter\" src=\"http:\/\/mcokrakow.pl\/wp-content\/uploads\/2014\/09\/Roman-Bro\u017cek.jpg\" alt=\"Roman Bro\u017cek\" width=\"134\" height=\"153\" \/><\/a><\/td>\n<\/tr>\n<tr>\n<td width=\"307\">\n<h5>Dyrektor Ma\u0142opolskiego Cechu Optyk\u00f3w: <em><strong>Wojciech Moszy\u0144ski<br \/>\n<\/strong><\/em><\/h5>\n<h5><a href=\"http:\/\/mcokrakow.pl\/wp-content\/uploads\/2014\/09\/dsadsad.jpg\"><img loading=\"lazy\" decoding=\"async\" class=\"aligncenter wp-image-4483\" src=\"http:\/\/mcokrakow.pl\/wp-content\/uploads\/2014\/09\/dsadsad-196x300.jpg\" alt=\"\" width=\"135\" height=\"206\" srcset=\"https:\/\/mcokrakow.pl\/wp-content\/uploads\/2014\/09\/dsadsad-196x300.jpg 196w, https:\/\/mcokrakow.pl\/wp-content\/uploads\/2014\/09\/dsadsad.jpg 489w\" sizes=\"(max-width: 135px) 100vw, 135px\" \/><\/a><\/h5>\n<\/td>\n<td width=\"307\">\n<h5>Cz\u0142onek Zarz\u0105du: <em>Stanis\u0142aw M\u0119\u017cyk<strong><br \/>\n<\/strong><\/em><\/h5>\n<h5><a href=\"http:\/\/mcokrakow.pl\/wp-content\/uploads\/2014\/09\/m_78764d5b5a75a7b97.jpg\"><img loading=\"lazy\" decoding=\"async\" class=\"wp-image-263 aligncenter\" src=\"http:\/\/mcokrakow.pl\/wp-content\/uploads\/2014\/09\/m_78764d5b5a75a7b97.jpg\" alt=\"m_78764d5b5a75a7b97\" width=\"148\" height=\"170\" \/><\/a><\/h5>\n<\/td>\n<\/tr>\n<tr>\n<td width=\"307\">\n<h5>Cz\u0142onek Zarz\u0105du: <em>Jerzy Dobrowolski<strong><br \/>\n<\/strong><\/em><\/h5>\n<h5><\/h5>\n<h5>\u00a0<a href=\"http:\/\/mcokrakow.pl\/wp-content\/uploads\/2014\/09\/Jerzy-Dobrowolski.jpg\"><img loading=\"lazy\" decoding=\"async\" class=\"size-full wp-image-171 aligncenter\" src=\"http:\/\/mcokrakow.pl\/wp-content\/uploads\/2014\/09\/Jerzy-Dobrowolski.jpg\" alt=\"Jerzy Dobrowolski\" width=\"120\" height=\"137\" \/><\/a><\/h5>\n<\/td>\n<td width=\"307\">\n<h5>Cz\u0142onek Zarz\u0105du: <em>Marek Broszkiewicz<strong><br \/>\n<\/strong><\/em><\/h5>\n<h5><\/h5>\n<h5>\u00a0<a href=\"http:\/\/mcokrakow.pl\/wp-content\/uploads\/2014\/09\/Marek-Broszkiewicz.jpg\"><img loading=\"lazy\" decoding=\"async\" class=\"size-full wp-image-170 aligncenter\" src=\"http:\/\/mcokrakow.pl\/wp-content\/uploads\/2014\/09\/Marek-Broszkiewicz.jpg\" alt=\"Marek Broszkiewicz\" width=\"100\" height=\"146\" \/><\/a><\/h5>\n<\/td>\n<\/tr>\n<tr>\n<td width=\"307\">\n<h5>Cz\u0142onek Zarz\u0105du: <em>Andrzej D\u0105browski<br \/>\n<\/em><\/h5>\n<h5><a href=\"http:\/\/mcokrakow.pl\/wp-content\/uploads\/2014\/09\/Andrzej-D\u0105browski.jpg\"><img loading=\"lazy\" decoding=\"async\" class=\"wp-image-2217 aligncenter\" src=\"http:\/\/mcokrakow.pl\/wp-content\/uploads\/2014\/09\/Andrzej-D\u0105browski-208x300.jpg\" alt=\"\" width=\"110\" height=\"158\" srcset=\"https:\/\/mcokrakow.pl\/wp-content\/uploads\/2014\/09\/Andrzej-D\u0105browski-208x300.jpg 208w, https:\/\/mcokrakow.pl\/wp-content\/uploads\/2014\/09\/Andrzej-D\u0105browski-710x1024.jpg 710w\" sizes=\"(max-width: 110px) 100vw, 110px\" \/><\/a><\/h5>\n<\/td>\n<td width=\"307\">\n<h5 style=\"text-align: left;\">Cz\u0142onek Zarz\u0105du:<em> Waldemar Kobierzycki<\/em><\/h5>\n<p><a href=\"https:\/\/mcokrakow.pl\/wp-content\/uploads\/2025\/05\/Screenshot_20250526_140237_Gallery.jpg\"><img loading=\"lazy\" decoding=\"async\" class=\"wp-image-6266 aligncenter\" src=\"https:\/\/mcokrakow.pl\/wp-content\/uploads\/2025\/05\/Screenshot_20250526_140237_Gallery-168x300.jpg\" alt=\"\" width=\"102\" height=\"182\" srcset=\"https:\/\/mcokrakow.pl\/wp-content\/uploads\/2025\/05\/Screenshot_20250526_140237_Gallery-168x300.jpg 168w, https:\/\/mcokrakow.pl\/wp-content\/uploads\/2025\/05\/Screenshot_20250526_140237_Gallery-573x1024.jpg 573w, https:\/\/mcokrakow.pl\/wp-content\/uploads\/2025\/05\/Screenshot_20250526_140237_Gallery-768x1373.jpg 768w, https:\/\/mcokrakow.pl\/wp-content\/uploads\/2025\/05\/Screenshot_20250526_140237_Gallery.jpg 855w\" sizes=\"(max-width: 102px) 100vw, 102px\" \/><\/a><\/td>\n<\/tr>\n<tr>\n<td width=\"307\">\n<h5 style=\"text-align: left;\">Cz\u0142onek Zarz\u0105du: <em>Marek Egert<img decoding=\"async\" class=\"aligncenter\" src=\"http:\/\/mcokrakow.pl\/wp-content\/uploads\/2014\/09\/admin-ajax.php_1.jpg\" alt=\"admin-ajax.php\" \/><\/em><\/h5>\n<h5><\/h5>\n<\/td>\n<td width=\"307\">\n<h5 style=\"text-align: left;\">Honorowy Cz\u0142onek Zarz\u0105du:<em> Jaros\u0142aw Jobs<\/em>\u00a0<a href=\"http:\/\/mcokrakow.pl\/wp-content\/uploads\/2014\/09\/Jaros\u0142aw-Jobs.jpg\"><img loading=\"lazy\" decoding=\"async\" class=\"size-full wp-image-172 aligncenter\" src=\"http:\/\/mcokrakow.pl\/wp-content\/uploads\/2014\/09\/Jaros\u0142aw-Jobs.jpg\" alt=\"Jaros\u0142aw Jobs\" width=\"107\" height=\"150\" \/><\/a><\/h5>\n<\/td>\n<\/tr>\n<tr>\n<td style=\"text-align: center;\" width=\"307\">\n<h5 style=\"text-align: left;\"><em>\u00a0<\/em><\/h5>\n<h5><\/h5>\n<\/td>\n<td width=\"307\">\n<h5><\/h5>\n<h5><\/h5>\n<h5><\/h5>\n<h5><\/h5>\n<\/td>\n<\/tr>\n<\/tbody>\n<\/table>\n<p>&nbsp;<\/p>\n","protected":false},"excerpt":{"rendered":"<p>Prezes Zarz\u0105du, Starszy Ma\u0142opolskiego Cechu Optyk\u00f3w:\u00a0Marian W\u00f3jcik Podstarszy Cechu, Vice Prezes Zarz\u0105du:\u00a0Edward Kluza Podstarszy Cechu, Vice Prezes Zarz\u0105du:\u00a0Roman Bro\u017cek Dyrektor Ma\u0142opolskiego Cechu Optyk\u00f3w: Wojciech Moszy\u0144ski Cz\u0142onek Zarz\u0105du: Stanis\u0142aw M\u0119\u017cyk Cz\u0142onek Zarz\u0105du: Jerzy Dobrowolski \u00a0 Cz\u0142onek Zarz\u0105du: Marek Broszkiewicz \u00a0 Cz\u0142onek &hellip; <a href=\"https:\/\/mcokrakow.pl\/?page_id=33\">Continued<\/a><\/p>\n","protected":false},"author":1,"featured_media":0,"parent":0,"menu_order":0,"comment_status":"closed","ping_status":"closed","template":"page-feature.php","meta":{"footnotes":""},"class_list":["post-33","page","type-page","status-publish","hentry"],"_links":{"self":[{"href":"https:\/\/mcokrakow.pl\/index.php?rest_route=\/wp\/v2\/pages\/33","targetHints":{"allow":["GET"]}}],"collection":[{"href":"https:\/\/mcokrakow.pl\/index.php?rest_route=\/wp\/v2\/pages"}],"about":[{"href":"https:\/\/mcokrakow.pl\/index.php?rest_route=\/wp\/v2\/types\/page"}],"author":[{"embeddable":true,"href":"https:\/\/mcokrakow.pl\/index.php?rest_route=\/wp\/v2\/users\/1"}],"replies":[{"embeddable":true,"href":"https:\/\/mcokrakow.pl\/index.php?rest_route=%2Fwp%2Fv2%2Fcomments&post=33"}],"version-history":[{"count":84,"href":"https:\/\/mcokrakow.pl\/index.php?rest_route=\/wp\/v2\/pages\/33\/revisions"}],"predecessor-version":[{"id":6269,"href":"https:\/\/mcokrakow.pl\/index.php?rest_route=\/wp\/v2\/pages\/33\/revisions\/6269"}],"wp:attachment":[{"href":"https:\/\/mcokrakow.pl\/index.php?rest_route=%2Fwp%2Fv2%2Fmedia&parent=33"}],"curies":[{"name":"wp","href":"https:\/\/api.w.org\/{rel}","templated":true}]}}