{"id":318,"date":"2014-10-03T11:52:52","date_gmt":"2014-10-03T09:52:52","guid":{"rendered":"http:\/\/mcokrakow.pl\/?page_id=318"},"modified":"2017-05-25T12:31:17","modified_gmt":"2017-05-25T10:31:17","slug":"busko-zdroj-2","status":"publish","type":"page","link":"https:\/\/mcokrakow.pl\/?page_id=318","title":{"rendered":"Busko-Zdr\u00f3j"},"content":{"rendered":"<hr \/>\n<p style=\"text-align: center;\"><strong>Zak\u0142ad Optyczny<\/strong><\/p>\n<p style=\"text-align: center;\"><strong>Wies\u0142awa Karolczak<\/strong><\/p>\n<p style=\"text-align: center;\"><strong>Zofia Wyrozumska<\/strong><\/p>\n<p style=\"text-align: center;\">Pl. Zwyci\u0119stwa 15<\/p>\n<p style=\"text-align: center;\">28-100 Busko-Zdr\u00f3j<\/p>\n<p style=\"text-align: center;\">(41) \u00a0378-20-32<\/p>\n<p style=\"text-align: center;\">(41) 378-75-12<\/p>\n","protected":false},"excerpt":{"rendered":"<p>Zak\u0142ad Optyczny Wies\u0142awa Karolczak Zofia Wyrozumska Pl. Zwyci\u0119stwa 15 28-100 Busko-Zdr\u00f3j (41) \u00a0378-20-32 (41) 378-75-12<\/p>\n","protected":false},"author":1,"featured_media":0,"parent":40,"menu_order":0,"comment_status":"open","ping_status":"open","template":"","meta":{"footnotes":""},"class_list":["post-318","page","type-page","status-publish","hentry"],"_links":{"self":[{"href":"https:\/\/mcokrakow.pl\/index.php?rest_route=\/wp\/v2\/pages\/318","targetHints":{"allow":["GET"]}}],"collection":[{"href":"https:\/\/mcokrakow.pl\/index.php?rest_route=\/wp\/v2\/pages"}],"about":[{"href":"https:\/\/mcokrakow.pl\/index.php?rest_route=\/wp\/v2\/types\/page"}],"author":[{"embeddable":true,"href":"https:\/\/mcokrakow.pl\/index.php?rest_route=\/wp\/v2\/users\/1"}],"replies":[{"embeddable":true,"href":"https:\/\/mcokrakow.pl\/index.php?rest_route=%2Fwp%2Fv2%2Fcomments&post=318"}],"version-history":[{"count":6,"href":"https:\/\/mcokrakow.pl\/index.php?rest_route=\/wp\/v2\/pages\/318\/revisions"}],"predecessor-version":[{"id":2724,"href":"https:\/\/mcokrakow.pl\/index.php?rest_route=\/wp\/v2\/pages\/318\/revisions\/2724"}],"up":[{"embeddable":true,"href":"https:\/\/mcokrakow.pl\/index.php?rest_route=\/wp\/v2\/pages\/40"}],"wp:attachment":[{"href":"https:\/\/mcokrakow.pl\/index.php?rest_route=%2Fwp%2Fv2%2Fmedia&parent=318"}],"curies":[{"name":"wp","href":"https:\/\/api.w.org\/{rel}","templated":true}]}}