{"id":313,"date":"2014-10-03T11:44:20","date_gmt":"2014-10-03T09:44:20","guid":{"rendered":"http:\/\/mcokrakow.pl\/?page_id=313"},"modified":"2016-05-09T10:35:00","modified_gmt":"2016-05-09T08:35:00","slug":"brzesko","status":"publish","type":"page","link":"https:\/\/mcokrakow.pl\/?page_id=313","title":{"rendered":"Brzesko"},"content":{"rendered":"<p style=\"text-align: center;\"><strong>Zak\u0142ad Optyczny<\/strong><\/p>\n<p style=\"text-align: center;\"><strong>Marek Broszkiewicz<\/strong><\/p>\n<p style=\"text-align: center;\">ul. Ko\u015bciuszki 41<\/p>\n<p style=\"text-align: center;\">32-800 Brzesko<\/p>\n<p style=\"text-align: center;\">(14) 686-39-85<\/p>\n<hr \/>\n<p style=\"text-align: center;\"><strong>Zak\u0142ad Optyczny<\/strong><\/p>\n<p style=\"text-align: center;\"><strong>Jacek Nawrocki<\/strong><\/p>\n<p style=\"text-align: center;\">ul. \u017bwirki i Wigury 9<\/p>\n<p style=\"text-align: center;\">32-800 Brzesko<\/p>\n<p style=\"text-align: center;\">tel. (14) 663-07-95<\/p>\n<hr \/>\n<p style=\"text-align: center;\"><strong>Zak\u0142ad Optyczny<\/strong><\/p>\n<p style=\"text-align: center;\"><strong>Bart\u0142omiej Pokorny<\/strong><\/p>\n<p style=\"text-align: center;\">ul. Legion\u00f3w Pi\u0142sudskiego 2<\/p>\n<p style=\"text-align: center;\">32-800 Brzesko<\/p>\n<p style=\"text-align: center;\">tel\/fax. (14) 663-10-34<\/p>\n<p style=\"text-align: center;\">(14) 686-27-10<\/p>\n<p style=\"text-align: center;\">www.optykpokorny.pl<\/p>\n<p style=\"text-align: center;\">salon@optykpokorny.pl<\/p>\n<hr \/>\n<p style=\"text-align: center;\"><strong>Zak\u0142ad Optyczny<\/strong><\/p>\n<p style=\"text-align: center;\"><strong>Bart\u0142omiej Pokorny<\/strong><\/p>\n<p style=\"text-align: center;\">ul. G\u0142owackiego 20<\/p>\n<p style=\"text-align: center;\">32-800 Brzesko<\/p>\n<p style=\"text-align: center;\">tel\/fax. (14) 66-310-34<\/p>\n<p style=\"text-align: center;\">www.optykpokorny.pl<\/p>\n<p style=\"text-align: center;\">salon@optykpokorny.pl<\/p>\n<p style=\"text-align: center;\">czynne:<\/p>\n<p style=\"text-align: center;\">Pn &#8211; Pt. 9.00 &#8211; 17.00<\/p>\n<p style=\"text-align: center;\">So. 9.00 &#8211; 12.00<\/p>\n","protected":false},"excerpt":{"rendered":"<p>Zak\u0142ad Optyczny Marek Broszkiewicz ul. Ko\u015bciuszki 41 32-800 Brzesko (14) 686-39-85 Zak\u0142ad Optyczny Jacek Nawrocki ul. \u017bwirki i Wigury 9 32-800 Brzesko tel. (14) 663-07-95 Zak\u0142ad Optyczny Bart\u0142omiej Pokorny ul. Legion\u00f3w Pi\u0142sudskiego 2 32-800 Brzesko tel\/fax. (14) 663-10-34 (14) 686-27-10 &hellip; <a href=\"https:\/\/mcokrakow.pl\/?page_id=313\">Continued<\/a><\/p>\n","protected":false},"author":1,"featured_media":0,"parent":40,"menu_order":0,"comment_status":"open","ping_status":"open","template":"","meta":{"footnotes":""},"class_list":["post-313","page","type-page","status-publish","hentry"],"_links":{"self":[{"href":"https:\/\/mcokrakow.pl\/index.php?rest_route=\/wp\/v2\/pages\/313","targetHints":{"allow":["GET"]}}],"collection":[{"href":"https:\/\/mcokrakow.pl\/index.php?rest_route=\/wp\/v2\/pages"}],"about":[{"href":"https:\/\/mcokrakow.pl\/index.php?rest_route=\/wp\/v2\/types\/page"}],"author":[{"embeddable":true,"href":"https:\/\/mcokrakow.pl\/index.php?rest_route=\/wp\/v2\/users\/1"}],"replies":[{"embeddable":true,"href":"https:\/\/mcokrakow.pl\/index.php?rest_route=%2Fwp%2Fv2%2Fcomments&post=313"}],"version-history":[{"count":9,"href":"https:\/\/mcokrakow.pl\/index.php?rest_route=\/wp\/v2\/pages\/313\/revisions"}],"predecessor-version":[{"id":1796,"href":"https:\/\/mcokrakow.pl\/index.php?rest_route=\/wp\/v2\/pages\/313\/revisions\/1796"}],"up":[{"embeddable":true,"href":"https:\/\/mcokrakow.pl\/index.php?rest_route=\/wp\/v2\/pages\/40"}],"wp:attachment":[{"href":"https:\/\/mcokrakow.pl\/index.php?rest_route=%2Fwp%2Fv2%2Fmedia&parent=313"}],"curies":[{"name":"wp","href":"https:\/\/api.w.org\/{rel}","templated":true}]}}