{"id":310,"date":"2014-10-03T11:36:12","date_gmt":"2014-10-03T09:36:12","guid":{"rendered":"http:\/\/mcokrakow.pl\/?page_id=310"},"modified":"2021-05-24T13:52:32","modified_gmt":"2021-05-24T11:52:32","slug":"bochnia-2","status":"publish","type":"page","link":"https:\/\/mcokrakow.pl\/?page_id=310","title":{"rendered":"Bochnia"},"content":{"rendered":"<p style=\"text-align: center;\"><strong>Zak\u0142ad Optyczny<\/strong><\/p>\n<p style=\"text-align: center;\"><strong>Marek Broszkiewicz<\/strong><\/p>\n<p style=\"text-align: center;\">ul. R\u00f3\u017cana 9<\/p>\n<p style=\"text-align: center;\">32-700 Bochnia<\/p>\n<p style=\"text-align: center;\">tel. (14) 611-91-91<\/p>\n<hr \/>\n<p style=\"text-align: center;\"><strong>Salon Optyczny<\/strong><\/p>\n<p style=\"text-align: center;\">Magdalena Broszkiewicz<\/p>\n<p style=\"text-align: center;\">ul. Kazimierza Wielkiego 6<\/p>\n<p style=\"text-align: center;\">32-700 Bochnia<\/p>\n","protected":false},"excerpt":{"rendered":"<p>Zak\u0142ad Optyczny Marek Broszkiewicz ul. R\u00f3\u017cana 9 32-700 Bochnia tel. (14) 611-91-91 Salon Optyczny Magdalena Broszkiewicz ul. Kazimierza Wielkiego 6 32-700 Bochnia<\/p>\n","protected":false},"author":1,"featured_media":0,"parent":40,"menu_order":0,"comment_status":"open","ping_status":"open","template":"page-contact.php","meta":{"footnotes":""},"class_list":["post-310","page","type-page","status-publish","hentry"],"_links":{"self":[{"href":"https:\/\/mcokrakow.pl\/index.php?rest_route=\/wp\/v2\/pages\/310","targetHints":{"allow":["GET"]}}],"collection":[{"href":"https:\/\/mcokrakow.pl\/index.php?rest_route=\/wp\/v2\/pages"}],"about":[{"href":"https:\/\/mcokrakow.pl\/index.php?rest_route=\/wp\/v2\/types\/page"}],"author":[{"embeddable":true,"href":"https:\/\/mcokrakow.pl\/index.php?rest_route=\/wp\/v2\/users\/1"}],"replies":[{"embeddable":true,"href":"https:\/\/mcokrakow.pl\/index.php?rest_route=%2Fwp%2Fv2%2Fcomments&post=310"}],"version-history":[{"count":4,"href":"https:\/\/mcokrakow.pl\/index.php?rest_route=\/wp\/v2\/pages\/310\/revisions"}],"predecessor-version":[{"id":4385,"href":"https:\/\/mcokrakow.pl\/index.php?rest_route=\/wp\/v2\/pages\/310\/revisions\/4385"}],"up":[{"embeddable":true,"href":"https:\/\/mcokrakow.pl\/index.php?rest_route=\/wp\/v2\/pages\/40"}],"wp:attachment":[{"href":"https:\/\/mcokrakow.pl\/index.php?rest_route=%2Fwp%2Fv2%2Fmedia&parent=310"}],"curies":[{"name":"wp","href":"https:\/\/api.w.org\/{rel}","templated":true}]}}