{"id":1549,"date":"2015-10-27T11:44:52","date_gmt":"2015-10-27T10:44:52","guid":{"rendered":"http:\/\/mcokrakow.pl\/?page_id=1549"},"modified":"2015-10-27T11:44:52","modified_gmt":"2015-10-27T10:44:52","slug":"ostroleka","status":"publish","type":"page","link":"https:\/\/mcokrakow.pl\/?page_id=1549","title":{"rendered":"Ostro\u0142\u0119ka"},"content":{"rendered":"<p style=\"text-align: center;\"><strong>Zak\u0142ad Optyczny<\/strong><\/p>\n<p style=\"text-align: center;\"><strong>Ostro\u0142\u0119ka<\/strong><\/p>\n<p style=\"text-align: center;\">ul. Gorbatowa 7C\/18<\/p>\n<p style=\"text-align: center;\">07-410 Ostro\u0142\u0119ka<\/p>\n<p style=\"text-align: center;\">Czynne: pn. &#8211; pt. 09.00 &#8211; 17.00, so. 10.00 &#8211; 13.00<\/p>\n<p style=\"text-align: center;\">Tel. (29) 764-63-65<\/p>\n","protected":false},"excerpt":{"rendered":"<p>Zak\u0142ad Optyczny Ostro\u0142\u0119ka ul. Gorbatowa 7C\/18 07-410 Ostro\u0142\u0119ka Czynne: pn. &#8211; pt. 09.00 &#8211; 17.00, so. 10.00 &#8211; 13.00 Tel. (29) 764-63-65<\/p>\n","protected":false},"author":1,"featured_media":0,"parent":0,"menu_order":0,"comment_status":"closed","ping_status":"open","template":"","meta":{"footnotes":""},"class_list":["post-1549","page","type-page","status-publish","hentry"],"_links":{"self":[{"href":"https:\/\/mcokrakow.pl\/index.php?rest_route=\/wp\/v2\/pages\/1549","targetHints":{"allow":["GET"]}}],"collection":[{"href":"https:\/\/mcokrakow.pl\/index.php?rest_route=\/wp\/v2\/pages"}],"about":[{"href":"https:\/\/mcokrakow.pl\/index.php?rest_route=\/wp\/v2\/types\/page"}],"author":[{"embeddable":true,"href":"https:\/\/mcokrakow.pl\/index.php?rest_route=\/wp\/v2\/users\/1"}],"replies":[{"embeddable":true,"href":"https:\/\/mcokrakow.pl\/index.php?rest_route=%2Fwp%2Fv2%2Fcomments&post=1549"}],"version-history":[{"count":1,"href":"https:\/\/mcokrakow.pl\/index.php?rest_route=\/wp\/v2\/pages\/1549\/revisions"}],"predecessor-version":[{"id":1550,"href":"https:\/\/mcokrakow.pl\/index.php?rest_route=\/wp\/v2\/pages\/1549\/revisions\/1550"}],"wp:attachment":[{"href":"https:\/\/mcokrakow.pl\/index.php?rest_route=%2Fwp%2Fv2%2Fmedia&parent=1549"}],"curies":[{"name":"wp","href":"https:\/\/api.w.org\/{rel}","templated":true}]}}